{"id":22,"date":"2019-05-19T13:11:44","date_gmt":"2019-05-19T13:11:44","guid":{"rendered":"https:\/\/sritec.ch\/?page_id=22"},"modified":"2019-06-17T19:25:29","modified_gmt":"2019-06-17T19:25:29","slug":"7-juni-bis-15-juni-2019","status":"publish","type":"page","link":"https:\/\/sritec.ch\/index.php\/7-juni-bis-15-juni-2019\/","title":{"rendered":"7. Juni bis 14. Juni 2019"},"content":{"rendered":"\n<h2 class=\"wp-block-heading\">San Diego<\/h2>\n\n\n\n<p>Am Freitag fliege ich nach San Diego, wo ich beruflich eine Woche zu tun habe.\nAm Freitag Abend komme ich und mein Arbeitskollege in San Diego an und wir werden von einem Arbeitskollegen abgeholt.\n<\/p>\n\n\n\n<div class=\"wp-block-image\"><figure class=\"aligncenter\"><img loading=\"lazy\" decoding=\"async\" width=\"1024\" height=\"768\" src=\"https:\/\/sritec.ch\/wp-content\/uploads\/2019\/06\/7F2A6BA3-1CD5-4E62-8573-62268466A2F2-1024x768.jpeg\" alt=\"\" class=\"wp-image-39\" srcset=\"https:\/\/sritec.ch\/wp-content\/uploads\/2019\/06\/7F2A6BA3-1CD5-4E62-8573-62268466A2F2-1024x768.jpeg 1024w, https:\/\/sritec.ch\/wp-content\/uploads\/2019\/06\/7F2A6BA3-1CD5-4E62-8573-62268466A2F2-300x225.jpeg 300w, https:\/\/sritec.ch\/wp-content\/uploads\/2019\/06\/7F2A6BA3-1CD5-4E62-8573-62268466A2F2-768x576.jpeg 768w, https:\/\/sritec.ch\/wp-content\/uploads\/2019\/06\/7F2A6BA3-1CD5-4E62-8573-62268466A2F2-1568x1176.jpeg 1568w, https:\/\/sritec.ch\/wp-content\/uploads\/2019\/06\/7F2A6BA3-1CD5-4E62-8573-62268466A2F2.jpeg 2048w\" sizes=\"(max-width: 1024px) 100vw, 1024px\" \/><figcaption>San Diego Little Italy<\/figcaption><\/figure><\/div>\n\n\n\n<p>Wir werden in einem Hotel in Little Italy wohnen. Little Italy ist ein gutes Quartier um untergebracht zu werden. Man ist sehr schnell im Gaslamp Quartier, in welchem die meisten Gesch\u00e4fte, Restaurant und Bars sich befinden.\nLittle Italy selbst besitzt ein Zentrum mit vielen Restaurants und einem grossen Platz, auf dem man sich treffen kann und in den umliegenden Takeaways etwas zu Essen holen kann. Am Samstag ist Markttag und es hat St\u00e4nde mit Fr\u00fcchten und Gem\u00fcse und Handwerkssachen.<\/p>\n\n\n\n<div class=\"wp-block-image\"><figure class=\"aligncenter\"><img loading=\"lazy\" decoding=\"async\" width=\"1024\" height=\"768\" src=\"https:\/\/sritec.ch\/wp-content\/uploads\/2019\/06\/71844A00-3562-431D-AEEF-29CC4A5EDF13-1024x768.jpeg\" alt=\"\" class=\"wp-image-40\" srcset=\"https:\/\/sritec.ch\/wp-content\/uploads\/2019\/06\/71844A00-3562-431D-AEEF-29CC4A5EDF13-1024x768.jpeg 1024w, https:\/\/sritec.ch\/wp-content\/uploads\/2019\/06\/71844A00-3562-431D-AEEF-29CC4A5EDF13-300x225.jpeg 300w, https:\/\/sritec.ch\/wp-content\/uploads\/2019\/06\/71844A00-3562-431D-AEEF-29CC4A5EDF13-768x576.jpeg 768w, https:\/\/sritec.ch\/wp-content\/uploads\/2019\/06\/71844A00-3562-431D-AEEF-29CC4A5EDF13-1568x1176.jpeg 1568w, https:\/\/sritec.ch\/wp-content\/uploads\/2019\/06\/71844A00-3562-431D-AEEF-29CC4A5EDF13.jpeg 2048w\" sizes=\"(max-width: 1024px) 100vw, 1024px\" \/><\/figure><\/div>\n\n\n\n<p>Fr\u00fcchte und Gem\u00fcse sind auf dem Markt extrem teuer.\nAm Samstag besuchen wir die USS Midway, einen alten Flugzeugtr\u00e4ger. Die Dimensionen sind eindr\u00fccklich.<\/p>\n\n\n\n<div class=\"wp-block-image\"><figure class=\"aligncenter\"><img loading=\"lazy\" decoding=\"async\" width=\"1024\" height=\"768\" src=\"https:\/\/sritec.ch\/wp-content\/uploads\/2019\/06\/A878D3E7-F5AB-4072-B570-5EE2A1DB3B69-1024x768.jpeg\" alt=\"\" class=\"wp-image-43\" srcset=\"https:\/\/sritec.ch\/wp-content\/uploads\/2019\/06\/A878D3E7-F5AB-4072-B570-5EE2A1DB3B69-1024x768.jpeg 1024w, https:\/\/sritec.ch\/wp-content\/uploads\/2019\/06\/A878D3E7-F5AB-4072-B570-5EE2A1DB3B69-300x225.jpeg 300w, https:\/\/sritec.ch\/wp-content\/uploads\/2019\/06\/A878D3E7-F5AB-4072-B570-5EE2A1DB3B69-768x576.jpeg 768w, https:\/\/sritec.ch\/wp-content\/uploads\/2019\/06\/A878D3E7-F5AB-4072-B570-5EE2A1DB3B69-1568x1176.jpeg 1568w, https:\/\/sritec.ch\/wp-content\/uploads\/2019\/06\/A878D3E7-F5AB-4072-B570-5EE2A1DB3B69.jpeg 2048w\" sizes=\"(max-width: 1024px) 100vw, 1024px\" \/><figcaption>Vom Pier aus<\/figcaption><\/figure><\/div>\n\n\n\n<div class=\"wp-block-image\"><figure class=\"aligncenter\"><img loading=\"lazy\" decoding=\"async\" width=\"1024\" height=\"768\" src=\"https:\/\/sritec.ch\/wp-content\/uploads\/2019\/06\/20F12B92-955A-417E-85B5-E7D73DC0402A-1024x768.jpeg\" alt=\"\" class=\"wp-image-42\" srcset=\"https:\/\/sritec.ch\/wp-content\/uploads\/2019\/06\/20F12B92-955A-417E-85B5-E7D73DC0402A-1024x768.jpeg 1024w, https:\/\/sritec.ch\/wp-content\/uploads\/2019\/06\/20F12B92-955A-417E-85B5-E7D73DC0402A-300x225.jpeg 300w, https:\/\/sritec.ch\/wp-content\/uploads\/2019\/06\/20F12B92-955A-417E-85B5-E7D73DC0402A-768x576.jpeg 768w, https:\/\/sritec.ch\/wp-content\/uploads\/2019\/06\/20F12B92-955A-417E-85B5-E7D73DC0402A-1568x1176.jpeg 1568w, https:\/\/sritec.ch\/wp-content\/uploads\/2019\/06\/20F12B92-955A-417E-85B5-E7D73DC0402A.jpeg 2048w\" sizes=\"(max-width: 1024px) 100vw, 1024px\" \/><figcaption>Flugdeck<\/figcaption><\/figure><\/div>\n\n\n\n<div class=\"wp-block-image\"><figure class=\"aligncenter\"><img loading=\"lazy\" decoding=\"async\" width=\"1024\" height=\"768\" src=\"https:\/\/sritec.ch\/wp-content\/uploads\/2019\/06\/EB8FD56B-38DC-41D4-95A6-996A2FB57078-1024x768.jpeg\" alt=\"\" class=\"wp-image-45\" srcset=\"https:\/\/sritec.ch\/wp-content\/uploads\/2019\/06\/EB8FD56B-38DC-41D4-95A6-996A2FB57078-1024x768.jpeg 1024w, https:\/\/sritec.ch\/wp-content\/uploads\/2019\/06\/EB8FD56B-38DC-41D4-95A6-996A2FB57078-300x225.jpeg 300w, https:\/\/sritec.ch\/wp-content\/uploads\/2019\/06\/EB8FD56B-38DC-41D4-95A6-996A2FB57078-768x576.jpeg 768w, https:\/\/sritec.ch\/wp-content\/uploads\/2019\/06\/EB8FD56B-38DC-41D4-95A6-996A2FB57078-1568x1176.jpeg 1568w, https:\/\/sritec.ch\/wp-content\/uploads\/2019\/06\/EB8FD56B-38DC-41D4-95A6-996A2FB57078.jpeg 2048w\" sizes=\"(max-width: 1024px) 100vw, 1024px\" \/><figcaption>Hangar Deck wo die Flieger untergebracht wurden<\/figcaption><\/figure><\/div>\n\n\n\n<p>Am Montag Abend machen wir ein Hafenrundfahrt. Die Skyline von San Diego ist eindr\u00fccklich.<\/p>\n\n\n\n<div class=\"wp-block-image\"><figure class=\"aligncenter\"><img loading=\"lazy\" decoding=\"async\" width=\"1024\" height=\"768\" src=\"https:\/\/sritec.ch\/wp-content\/uploads\/2019\/06\/E0A44B8B-5088-44C1-A267-BFFF0ECF02A9-1024x768.jpeg\" alt=\"\" class=\"wp-image-49\" srcset=\"https:\/\/sritec.ch\/wp-content\/uploads\/2019\/06\/E0A44B8B-5088-44C1-A267-BFFF0ECF02A9-1024x768.jpeg 1024w, https:\/\/sritec.ch\/wp-content\/uploads\/2019\/06\/E0A44B8B-5088-44C1-A267-BFFF0ECF02A9-300x225.jpeg 300w, https:\/\/sritec.ch\/wp-content\/uploads\/2019\/06\/E0A44B8B-5088-44C1-A267-BFFF0ECF02A9-768x576.jpeg 768w, https:\/\/sritec.ch\/wp-content\/uploads\/2019\/06\/E0A44B8B-5088-44C1-A267-BFFF0ECF02A9-1568x1176.jpeg 1568w, https:\/\/sritec.ch\/wp-content\/uploads\/2019\/06\/E0A44B8B-5088-44C1-A267-BFFF0ECF02A9.jpeg 2048w\" sizes=\"(max-width: 1024px) 100vw, 1024px\" \/><\/figure><\/div>\n\n\n\n<p>Am Freitag besuchen wir noch einen Park in welchem auch die Vegetation der Gegend zu bewundern ist.<\/p>\n\n\n\n<div class=\"wp-block-image\"><figure class=\"aligncenter\"><img loading=\"lazy\" decoding=\"async\" width=\"1024\" height=\"768\" src=\"https:\/\/sritec.ch\/wp-content\/uploads\/2019\/06\/A6C687EE-E30D-4D08-A1D8-887437AF0C76-1024x768.jpeg\" alt=\"\" class=\"wp-image-48\" srcset=\"https:\/\/sritec.ch\/wp-content\/uploads\/2019\/06\/A6C687EE-E30D-4D08-A1D8-887437AF0C76-1024x768.jpeg 1024w, https:\/\/sritec.ch\/wp-content\/uploads\/2019\/06\/A6C687EE-E30D-4D08-A1D8-887437AF0C76-300x225.jpeg 300w, https:\/\/sritec.ch\/wp-content\/uploads\/2019\/06\/A6C687EE-E30D-4D08-A1D8-887437AF0C76-768x576.jpeg 768w, https:\/\/sritec.ch\/wp-content\/uploads\/2019\/06\/A6C687EE-E30D-4D08-A1D8-887437AF0C76-1568x1176.jpeg 1568w, https:\/\/sritec.ch\/wp-content\/uploads\/2019\/06\/A6C687EE-E30D-4D08-A1D8-887437AF0C76.jpeg 2048w\" sizes=\"(max-width: 1024px) 100vw, 1024px\" \/><\/figure><\/div>\n\n\n\n<p>Am Samstag fliege ich von San Diego nach Miami. Du findest die Fortsetzung <a href=\"https:\/\/sritec.ch\/index.php\/15-bis-21-juni\/\">hier<\/a>.<\/p>\n","protected":false},"excerpt":{"rendered":"<p>San Diego Am Freitag fliege ich nach San Diego, wo ich beruflich eine Woche zu tun habe. Am Freitag Abend komme ich und mein Arbeitskollege in San Diego an und wir werden von einem Arbeitskollegen abgeholt. Wir werden in einem Hotel in Little Italy wohnen. Little Italy ist ein gutes Quartier um untergebracht zu werden. &hellip; <\/p>\n<p class=\"link-more\"><a href=\"https:\/\/sritec.ch\/index.php\/7-juni-bis-15-juni-2019\/\" class=\"more-link\"><span class=\"screen-reader-text\">\u201e7. Juni bis 14. Juni 2019\u201c<\/span> weiterlesen<\/a><\/p>\n","protected":false},"author":1,"featured_media":0,"parent":0,"menu_order":0,"comment_status":"closed","ping_status":"closed","template":"","meta":{"footnotes":""},"_links":{"self":[{"href":"https:\/\/sritec.ch\/index.php\/wp-json\/wp\/v2\/pages\/22"}],"collection":[{"href":"https:\/\/sritec.ch\/index.php\/wp-json\/wp\/v2\/pages"}],"about":[{"href":"https:\/\/sritec.ch\/index.php\/wp-json\/wp\/v2\/types\/page"}],"author":[{"embeddable":true,"href":"https:\/\/sritec.ch\/index.php\/wp-json\/wp\/v2\/users\/1"}],"replies":[{"embeddable":true,"href":"https:\/\/sritec.ch\/index.php\/wp-json\/wp\/v2\/comments?post=22"}],"version-history":[{"count":12,"href":"https:\/\/sritec.ch\/index.php\/wp-json\/wp\/v2\/pages\/22\/revisions"}],"predecessor-version":[{"id":76,"href":"https:\/\/sritec.ch\/index.php\/wp-json\/wp\/v2\/pages\/22\/revisions\/76"}],"wp:attachment":[{"href":"https:\/\/sritec.ch\/index.php\/wp-json\/wp\/v2\/media?parent=22"}],"curies":[{"name":"wp","href":"https:\/\/api.w.org\/{rel}","templated":true}]}}