{"id":344,"date":"2023-06-18T01:36:56","date_gmt":"2023-06-18T01:36:56","guid":{"rendered":"https:\/\/sritec.ch\/?page_id=344"},"modified":"2023-06-22T23:09:07","modified_gmt":"2023-06-22T23:09:07","slug":"erste-etappe-8-17-juni","status":"publish","type":"page","link":"https:\/\/sritec.ch\/index.php\/usa-reise-2023\/erste-etappe-8-17-juni\/","title":{"rendered":"Erste Etappe 8. &#8211; 17. Juni"},"content":{"rendered":"\n<h3 class=\"wp-block-heading\">Start mit Flugreise, Seattle und Idaho<\/h3>\n\n\n\n<h4 class=\"wp-block-heading\">Donnerstag 8. Juni 2023<\/h4>\n\n\n\n<p>Mit dem 16 Uhr Zug verlassen wir Bern und treffen am Flughafen in Z\u00fcrich ein. Wir haben hier eine Hotel\u00fcbernachtung geplant, da wir am Morgen bereits um 6 Uhr am Flughafen zum Security Check sein sollen.<\/p>\n\n\n\n<p>Im Hotel angekommen werden wir vom Sommerfest des Hotels \u00fcberrascht, an dem auch die G\u00e4ste willkommen sind. Wir k\u00f6nnen uns kostenlos an Mini-Pizzas, Mini-Burgern und leckeren Dessert-H\u00e4ppchen bedienen. Mit Getr\u00e4nken werden wir vom aufmerksamen Personal laufend versorgt. Ein Reisanfang ganz nach unserem Geschmack:<\/p>\n\n\n\n<figure class=\"wp-block-image size-full\"><img loading=\"lazy\" decoding=\"async\" width=\"320\" height=\"240\" src=\"https:\/\/sritec.ch\/wp-content\/uploads\/2023\/06\/IMG_0493.jpeg\" alt=\"\" class=\"wp-image-353\" srcset=\"https:\/\/sritec.ch\/wp-content\/uploads\/2023\/06\/IMG_0493.jpeg 320w, https:\/\/sritec.ch\/wp-content\/uploads\/2023\/06\/IMG_0493-300x225.jpeg 300w\" sizes=\"(max-width: 320px) 100vw, 320px\" \/><\/figure>\n\n\n\n<h4 class=\"wp-block-heading\">Freitag 9. Juni 2023<\/h4>\n\n\n\n<p>Den Tag starten wir fr\u00fch, wir sind kurz nach 6 Uhr am Security Check in. Die Warnung war, dass es wirklich lange dauert und wir darauf R\u00fccksicht nehmen sollen. Wir sind nach einer guten halben Stunde durch.<\/p>\n\n\n\n<p>Der Blick in den Duty Free Shop best\u00e4tigt, dass dies mit Duty Free nichts zu tun hat. Im normalen Laden ist die Ware, die ich suche, g\u00fcnstiger.<\/p>\n\n\n\n<p>Also geniessen wir die Vorteile eines Business Class Tickets und gehen in die Lounge Fr\u00fchst\u00fccken.<\/p>\n\n\n\n<p>Der Flug nach Frankfurt startet p\u00fcnktlich um 08:15. Nach einer kurzen Stunde landen wir in Frankfuhrt. Der Rundgang im hiesigen Duty Free Shop zeigt bessere Angebote. Auch hier verpflegen wir uns wieder in der Business Class Lounge. Der Abflug nach Seattle startet um 10:45. Die Flugzeit betr\u00e4gt gute 11 \u00bd Stunden. Die Flugzeit vergeht mit Filme Gucken, D\u00f6sen und Gamen mit dem Board Entertainment System.<\/p>\n\n\n\n<p>In Seattle gelandet betreten wir eine grossz\u00fcgige Halle in der wir unser Gep\u00e4ck wieder bekommen:<\/p>\n\n\n\n<figure class=\"wp-block-image size-full\"><img loading=\"lazy\" decoding=\"async\" width=\"640\" height=\"480\" src=\"https:\/\/sritec.ch\/wp-content\/uploads\/2023\/06\/IMG_0502.jpeg\" alt=\"\" class=\"wp-image-358\" srcset=\"https:\/\/sritec.ch\/wp-content\/uploads\/2023\/06\/IMG_0502.jpeg 640w, https:\/\/sritec.ch\/wp-content\/uploads\/2023\/06\/IMG_0502-300x225.jpeg 300w\" sizes=\"(max-width: 640px) 100vw, 640px\" \/><\/figure>\n\n\n\n<p>Mit dem Taxi geht\u2019s ins Hotel Edgetwather. Wir verbringen den Nachmittag mit kleinen Besorgungen wie Wasser und vergessenen Toiletten-Utensilien. Das Bier bekommen wir in einem irischen Pub und Nachtessen gibt\u2019s beim Inder. Die Inflation scheint hier wirklich ein Problem zu sein:<\/p>\n\n\n\n<figure class=\"wp-block-image size-full\"><img loading=\"lazy\" decoding=\"async\" width=\"320\" height=\"240\" src=\"https:\/\/sritec.ch\/wp-content\/uploads\/2023\/06\/IMG_0507-edited.jpeg\" alt=\"\" class=\"wp-image-360\" srcset=\"https:\/\/sritec.ch\/wp-content\/uploads\/2023\/06\/IMG_0507-edited.jpeg 320w, https:\/\/sritec.ch\/wp-content\/uploads\/2023\/06\/IMG_0507-edited-300x225.jpeg 300w\" sizes=\"(max-width: 320px) 100vw, 320px\" \/><\/figure>\n\n\n\n<h4 class=\"wp-block-heading\">Samstag 10. Juni 2023<\/h4>\n\n\n\n<p>Wir suchen heute eine AT&amp;T Shop (etwas wie Swisscom in den USA) um eine Telefon Abi f\u00fcr 30$ mit viel Internet Guthaben zu bekommen. Das gelingt uns auch, wir haben jetzt auch eine pers\u00f6nliche Nr. hier in den USA. Das hilft In der Regel auch beim Buchen von Camping-Pl\u00e4tzen und Hotels. Danach wollen wir die Monorail der Weltausstellung von 1992 nutzen und kaufen unterwegs noch in einem asiatischen Kleidershop mit tiefen Preisen ein. Die Monorail Fahrt ist nicht sehr lange, ca. 5 min:<\/p>\n\n\n\n<figure class=\"wp-block-image size-full\"><img loading=\"lazy\" decoding=\"async\" width=\"480\" height=\"640\" src=\"https:\/\/sritec.ch\/wp-content\/uploads\/2023\/06\/IMG_0517.jpeg\" alt=\"\" class=\"wp-image-361\" srcset=\"https:\/\/sritec.ch\/wp-content\/uploads\/2023\/06\/IMG_0517.jpeg 480w, https:\/\/sritec.ch\/wp-content\/uploads\/2023\/06\/IMG_0517-225x300.jpeg 225w\" sizes=\"(max-width: 480px) 100vw, 480px\" \/><\/figure>\n\n\n\n<p>Wir schauen uns noch das Weltausstellungsgel\u00e4nde an und lassen uns per Aufzug auf den Aussichtsturm, die Space Needle bringen wo wir die Aussicht bei einem Bier geniessen:<\/p>\n\n\n\n<figure class=\"wp-block-image size-full\"><img loading=\"lazy\" decoding=\"async\" width=\"640\" height=\"480\" src=\"https:\/\/sritec.ch\/wp-content\/uploads\/2023\/06\/IMG_0522.jpeg\" alt=\"\" class=\"wp-image-362\" srcset=\"https:\/\/sritec.ch\/wp-content\/uploads\/2023\/06\/IMG_0522.jpeg 640w, https:\/\/sritec.ch\/wp-content\/uploads\/2023\/06\/IMG_0522-300x225.jpeg 300w\" sizes=\"(max-width: 640px) 100vw, 640px\" \/><\/figure>\n\n\n\n<p>Nachtessen gibt es heute beim Thai.<\/p>\n\n\n\n<h4 class=\"wp-block-heading\">Sonntag 11. Juni 2023<\/h4>\n\n\n\n<p>Zum Hotel gibt es zu sagen, dass es wirklich sehr teuer ist. Daf\u00fcr ist die Aussicht aus dem Fr\u00fchstr\u00fccksraum sehr sch\u00f6n:<\/p>\n\n\n<div class=\"wp-block-image\">\n<figure class=\"alignleft size-full is-resized\"><img loading=\"lazy\" decoding=\"async\" src=\"https:\/\/sritec.ch\/wp-content\/uploads\/2023\/06\/IMG_0529.jpeg\" alt=\"\" class=\"wp-image-363\" width=\"278\" height=\"209\" srcset=\"https:\/\/sritec.ch\/wp-content\/uploads\/2023\/06\/IMG_0529.jpeg 640w, https:\/\/sritec.ch\/wp-content\/uploads\/2023\/06\/IMG_0529-300x225.jpeg 300w\" sizes=\"(max-width: 278px) 100vw, 278px\" \/><\/figure><\/div>\n\n\n<figure class=\"wp-block-image size-full is-resized\"><img loading=\"lazy\" decoding=\"async\" src=\"https:\/\/sritec.ch\/wp-content\/uploads\/2023\/06\/IMG_0527.jpeg\" alt=\"\" class=\"wp-image-364\" width=\"218\" height=\"291\" srcset=\"https:\/\/sritec.ch\/wp-content\/uploads\/2023\/06\/IMG_0527.jpeg 480w, https:\/\/sritec.ch\/wp-content\/uploads\/2023\/06\/IMG_0527-225x300.jpeg 225w\" sizes=\"(max-width: 218px) 100vw, 218px\" \/><\/figure>\n\n\n\n<p>Als erstes gehen wir heute beim Kreuzfahrtterminal vorbei, welches gleich neben dem Hotel liegt. Bis jetzt hat hier jeden Tag ein anderes Schiff angelegt. Wir schauen dem Treiben auf dem Pier und dem Chaos auf der davor liegenden Strasse zu. Das Gewusel der Ein- und Aussteigenden und das Verladen der G\u00fcter ist beeindruckend:<\/p>\n\n\n\n<figure class=\"wp-block-image size-full\"><img loading=\"lazy\" decoding=\"async\" width=\"640\" height=\"480\" src=\"https:\/\/sritec.ch\/wp-content\/uploads\/2023\/06\/IMG_0531.jpeg\" alt=\"\" class=\"wp-image-365\" srcset=\"https:\/\/sritec.ch\/wp-content\/uploads\/2023\/06\/IMG_0531.jpeg 640w, https:\/\/sritec.ch\/wp-content\/uploads\/2023\/06\/IMG_0531-300x225.jpeg 300w\" sizes=\"(max-width: 640px) 100vw, 640px\" \/><\/figure>\n\n\n\n<p>Wir gehen an der Uferpromende weiter ins Aquarium von Seattle:<\/p>\n\n\n<div class=\"wp-block-image\">\n<figure class=\"alignleft size-full is-resized\"><img loading=\"lazy\" decoding=\"async\" src=\"https:\/\/sritec.ch\/wp-content\/uploads\/2023\/06\/IMG_0535.jpeg\" alt=\"\" class=\"wp-image-366\" width=\"226\" height=\"170\" srcset=\"https:\/\/sritec.ch\/wp-content\/uploads\/2023\/06\/IMG_0535.jpeg 640w, https:\/\/sritec.ch\/wp-content\/uploads\/2023\/06\/IMG_0535-300x225.jpeg 300w\" sizes=\"(max-width: 226px) 100vw, 226px\" \/><\/figure><\/div>\n\n\n<figure class=\"wp-block-image size-full is-resized\"><img loading=\"lazy\" decoding=\"async\" src=\"https:\/\/sritec.ch\/wp-content\/uploads\/2023\/06\/IMG_0536.jpeg\" alt=\"\" class=\"wp-image-367\" width=\"241\" height=\"181\" srcset=\"https:\/\/sritec.ch\/wp-content\/uploads\/2023\/06\/IMG_0536.jpeg 640w, https:\/\/sritec.ch\/wp-content\/uploads\/2023\/06\/IMG_0536-300x225.jpeg 300w\" sizes=\"(max-width: 241px) 100vw, 241px\" \/><\/figure>\n\n\n\n<p>Den Nachmittag verbringen wir auf einer Hafendrundfahrt vom Hafen von Seattle in den Lake Washington.<\/p>\n\n\n<div class=\"wp-block-image\">\n<figure class=\"alignleft size-full is-resized\"><img loading=\"lazy\" decoding=\"async\" src=\"https:\/\/sritec.ch\/wp-content\/uploads\/2023\/06\/IMG_0546.jpeg\" alt=\"\" class=\"wp-image-368\" width=\"246\" height=\"183\"\/><\/figure><\/div>\n\n\n<figure class=\"wp-block-image size-full is-resized\"><img loading=\"lazy\" decoding=\"async\" src=\"https:\/\/sritec.ch\/wp-content\/uploads\/2023\/06\/IMG_0553.jpeg\" alt=\"\" class=\"wp-image-369\" width=\"251\" height=\"188\" srcset=\"https:\/\/sritec.ch\/wp-content\/uploads\/2023\/06\/IMG_0553.jpeg 640w, https:\/\/sritec.ch\/wp-content\/uploads\/2023\/06\/IMG_0553-300x225.jpeg 300w\" sizes=\"(max-width: 251px) 100vw, 251px\" \/><\/figure>\n\n\n\n<p>Danach gehen wir wieder durch die Stadt zur\u00fcck an den Hafen vorbei an spannenden Geb\u00e4uden wie dieses, welches einen botanischen Garten beherbergt:<\/p>\n\n\n\n<figure class=\"wp-block-image size-full\"><img loading=\"lazy\" decoding=\"async\" width=\"640\" height=\"480\" src=\"https:\/\/sritec.ch\/wp-content\/uploads\/2023\/06\/IMG_0558.jpeg\" alt=\"\" class=\"wp-image-371\" srcset=\"https:\/\/sritec.ch\/wp-content\/uploads\/2023\/06\/IMG_0558.jpeg 640w, https:\/\/sritec.ch\/wp-content\/uploads\/2023\/06\/IMG_0558-300x225.jpeg 300w\" sizes=\"(max-width: 640px) 100vw, 640px\" \/><\/figure>\n\n\n\n<p>Nachtessen gibt\u2019s in einer brasilianischen Churrascaria.<\/p>\n\n\n\n<h4 class=\"wp-block-heading\">Montag 12. Juni 2023<\/h4>\n\n\n\n<p>Wir k\u00f6nnen unseren RV erst am Nachmittag \u00fcbernehmen. Deshalb gehen wir am Morgen nochmals Shoppen in die Pine Street. Nat\u00fcrlich gehen wir am Kreuzfahrtterminal vorbei und beobachten das Gewusel beim Verladen.<\/p>\n\n\n\n<p>Am Mittag nehmen wir ein Taxi zur Campervermietung und \u00fcbernehmen das Fahrzeug. Danach gehen wir Grosseinkauf machen, damit wir uns m\u00f6glichst selbst versorgen k\u00f6nnen.<\/p>\n\n\n\n<p>Am Abend \u00fcbernachten wir Gig Harbor.<\/p>\n\n\n\n<p>Unser zuhause f\u00fcr die n\u00e4chsten vier Wochen:<\/p>\n\n\n\n<figure class=\"wp-block-image size-full is-resized\"><img loading=\"lazy\" decoding=\"async\" src=\"https:\/\/sritec.ch\/wp-content\/uploads\/2023\/06\/edde78c1-9b1f-4a7d-a67f-91e3c5b11bc1.jpeg\" alt=\"\" class=\"wp-image-374\" width=\"525\" height=\"394\" srcset=\"https:\/\/sritec.ch\/wp-content\/uploads\/2023\/06\/edde78c1-9b1f-4a7d-a67f-91e3c5b11bc1.jpeg 640w, https:\/\/sritec.ch\/wp-content\/uploads\/2023\/06\/edde78c1-9b1f-4a7d-a67f-91e3c5b11bc1-300x225.jpeg 300w\" sizes=\"(max-width: 525px) 100vw, 525px\" \/><\/figure>\n\n\n\n<p>Zum Znacht gibt es Teigwaren mit Tomatensauce und Salat, wir haben heuten nicht viel Zeit zum Kochen, da wir die Kiste einr\u00e4umen m\u00fcssen. Auch m\u00fcssen wir noch einen Campingplatz f\u00fcr den n\u00e4chsten Tag finden.<\/p>\n\n\n\n<h4 class=\"wp-block-heading\">Dienstag 13. Juni 2023<\/h4>\n\n\n\n<p>Wir fahren auf die Halbinsel mit dem Olympic National Park mit dem Ziel der Frehswater Bay in der N\u00e4he von Port Angeles, wo wir unseren Campingplatz haben.Unterwegs halten wir nur kurz an und die Landschaft zu geniessen:<\/p>\n\n\n<div class=\"wp-block-image\">\n<figure class=\"alignleft size-full is-resized\"><img loading=\"lazy\" decoding=\"async\" src=\"https:\/\/sritec.ch\/wp-content\/uploads\/2023\/06\/IMG_0575.jpeg\" alt=\"\" class=\"wp-image-375\" width=\"246\" height=\"185\" srcset=\"https:\/\/sritec.ch\/wp-content\/uploads\/2023\/06\/IMG_0575.jpeg 640w, https:\/\/sritec.ch\/wp-content\/uploads\/2023\/06\/IMG_0575-300x225.jpeg 300w\" sizes=\"(max-width: 246px) 100vw, 246px\" \/><\/figure><\/div>\n\n\n<figure class=\"wp-block-image size-full is-resized\"><img loading=\"lazy\" decoding=\"async\" src=\"https:\/\/sritec.ch\/wp-content\/uploads\/2023\/06\/IMG_0580.jpeg\" alt=\"\" class=\"wp-image-376\" width=\"251\" height=\"188\" srcset=\"https:\/\/sritec.ch\/wp-content\/uploads\/2023\/06\/IMG_0580.jpeg 640w, https:\/\/sritec.ch\/wp-content\/uploads\/2023\/06\/IMG_0580-300x225.jpeg 300w\" sizes=\"(max-width: 251px) 100vw, 251px\" \/><\/figure>\n\n\n\n<p>Wir Campen direkt am Ufer des Pazifik vis a vis Vancouver Island. Entsprechend geht auch der Wind und es ist kalt.<\/p>\n\n\n<div class=\"wp-block-image\">\n<figure class=\"alignleft size-full is-resized\"><img loading=\"lazy\" decoding=\"async\" src=\"https:\/\/sritec.ch\/wp-content\/uploads\/2023\/06\/IMG_0587.jpeg\" alt=\"\" class=\"wp-image-377\" width=\"245\" height=\"184\" srcset=\"https:\/\/sritec.ch\/wp-content\/uploads\/2023\/06\/IMG_0587.jpeg 640w, https:\/\/sritec.ch\/wp-content\/uploads\/2023\/06\/IMG_0587-300x225.jpeg 300w\" sizes=\"(max-width: 245px) 100vw, 245px\" \/><\/figure><\/div>\n\n\n<figure class=\"wp-block-image size-full is-resized\"><img loading=\"lazy\" decoding=\"async\" src=\"https:\/\/sritec.ch\/wp-content\/uploads\/2023\/06\/IMG_0590.jpeg\" alt=\"\" class=\"wp-image-378\" width=\"249\" height=\"187\" srcset=\"https:\/\/sritec.ch\/wp-content\/uploads\/2023\/06\/IMG_0590.jpeg 640w, https:\/\/sritec.ch\/wp-content\/uploads\/2023\/06\/IMG_0590-300x225.jpeg 300w\" sizes=\"(max-width: 249px) 100vw, 249px\" \/><\/figure>\n\n\n\n<p>Znacht gibt\u2018s indisch selbst gekocht (die Sauce ist eine fertige Tika Massala, lecker aus dem Beutel von Safeway)<\/p>\n\n\n\n<figure class=\"wp-block-image size-full\"><img loading=\"lazy\" decoding=\"async\" width=\"480\" height=\"640\" src=\"https:\/\/sritec.ch\/wp-content\/uploads\/2023\/06\/IMG_0591.jpeg\" alt=\"\" class=\"wp-image-379\" srcset=\"https:\/\/sritec.ch\/wp-content\/uploads\/2023\/06\/IMG_0591.jpeg 480w, https:\/\/sritec.ch\/wp-content\/uploads\/2023\/06\/IMG_0591-225x300.jpeg 225w\" sizes=\"(max-width: 480px) 100vw, 480px\" \/><\/figure>\n\n\n\n<h4 class=\"wp-block-heading\">Mittwoch 14. Juni 2023<\/h4>\n\n\n\n<p>Fr\u00fchst\u00fcck gibts am Pazifik, es windet kaum:<\/p>\n\n\n\n<figure class=\"wp-block-image size-full\"><img loading=\"lazy\" decoding=\"async\" width=\"640\" height=\"480\" src=\"https:\/\/sritec.ch\/wp-content\/uploads\/2023\/06\/IMG_0592.jpeg\" alt=\"\" class=\"wp-image-381\" srcset=\"https:\/\/sritec.ch\/wp-content\/uploads\/2023\/06\/IMG_0592.jpeg 640w, https:\/\/sritec.ch\/wp-content\/uploads\/2023\/06\/IMG_0592-300x225.jpeg 300w\" sizes=\"(max-width: 640px) 100vw, 640px\" \/><\/figure>\n\n\n\n<p>Weiter geht die Reise. Wir hoffen am westlichen Ende der Insel einen Platz in einem State Park bekommen.  Wir sehen unterwegs den Lake Crescent und viel Ginster am Strassenrand:<\/p>\n\n\n<div class=\"wp-block-image\">\n<figure class=\"alignleft size-full is-resized\"><img loading=\"lazy\" decoding=\"async\" src=\"https:\/\/sritec.ch\/wp-content\/uploads\/2023\/06\/IMG_0593.jpeg\" alt=\"\" class=\"wp-image-387\" width=\"237\" height=\"178\" srcset=\"https:\/\/sritec.ch\/wp-content\/uploads\/2023\/06\/IMG_0593.jpeg 640w, https:\/\/sritec.ch\/wp-content\/uploads\/2023\/06\/IMG_0593-300x225.jpeg 300w\" sizes=\"(max-width: 237px) 100vw, 237px\" \/><\/figure><\/div>\n\n\n<figure class=\"wp-block-image size-full is-resized\"><img loading=\"lazy\" decoding=\"async\" src=\"https:\/\/sritec.ch\/wp-content\/uploads\/2023\/06\/IMG_0594-1.jpeg\" alt=\"\" class=\"wp-image-386\" width=\"253\" height=\"190\" srcset=\"https:\/\/sritec.ch\/wp-content\/uploads\/2023\/06\/IMG_0594-1.jpeg 640w, https:\/\/sritec.ch\/wp-content\/uploads\/2023\/06\/IMG_0594-1-300x225.jpeg 300w\" sizes=\"(max-width: 253px) 100vw, 253px\" \/><\/figure>\n\n\n\n<p>In Forks gehe ich noch in einem Hardware Store ein Beil und W\u00e4scheklammern kaufen. Die fahrt f\u00fchrt durch viele W\u00e4lder und am Pazifik entlang:<\/p>\n\n\n<div class=\"wp-block-image\">\n<figure class=\"alignleft size-full is-resized\"><img loading=\"lazy\" decoding=\"async\" src=\"https:\/\/sritec.ch\/wp-content\/uploads\/2023\/06\/IMG_0595.jpeg\" alt=\"\" class=\"wp-image-383\" width=\"244\" height=\"182\" srcset=\"https:\/\/sritec.ch\/wp-content\/uploads\/2023\/06\/IMG_0595.jpeg 640w, https:\/\/sritec.ch\/wp-content\/uploads\/2023\/06\/IMG_0595-300x225.jpeg 300w\" sizes=\"(max-width: 244px) 100vw, 244px\" \/><\/figure><\/div>\n\n\n<figure class=\"wp-block-image size-full\"><img loading=\"lazy\" decoding=\"async\" width=\"640\" height=\"480\" src=\"https:\/\/sritec.ch\/wp-content\/uploads\/2023\/06\/IMG_0596.jpeg\" alt=\"\" class=\"wp-image-385\" srcset=\"https:\/\/sritec.ch\/wp-content\/uploads\/2023\/06\/IMG_0596.jpeg 640w, https:\/\/sritec.ch\/wp-content\/uploads\/2023\/06\/IMG_0596-300x225.jpeg 300w\" sizes=\"(max-width: 640px) 100vw, 640px\" \/><\/figure>\n\n\n\n<p>Unser Fahrzeug ist recht durstig. Beim Tanken wird die Kreditkartenlimitte von 175$ ausgesch\u00f6pft. Der Tank ist gerade voll. Daf\u00fcr gibts ca. 115 l. <\/p>\n\n\n\n<p>Dank dem Tankstop sehen wir an der Tankstelle eine Werbung f\u00fcr einen RV-Park in der n\u00e4he am Lake Quinault. Wir gehen hin und bleiben:<\/p>\n\n\n\n<figure class=\"wp-block-image size-full\"><img loading=\"lazy\" decoding=\"async\" width=\"640\" height=\"480\" src=\"https:\/\/sritec.ch\/wp-content\/uploads\/2023\/06\/IMG_0604.jpeg\" alt=\"\" class=\"wp-image-388\" srcset=\"https:\/\/sritec.ch\/wp-content\/uploads\/2023\/06\/IMG_0604.jpeg 640w, https:\/\/sritec.ch\/wp-content\/uploads\/2023\/06\/IMG_0604-300x225.jpeg 300w\" sizes=\"(max-width: 640px) 100vw, 640px\" \/><\/figure>\n\n\n\n<p>Es bl\u00e4st weiter der unangenehme Pazifik Wind. Wir grillen trotzdem auf unserem 24$ Grill Schweinskottelets und es gibt Bratkartoffeln vom Gasherd in Camper. Der Rauchmelder im Camper meldet sich. Somit w\u00e4re auch der getestet.<\/p>\n\n\n\n<p>Das schwierige ist immer, die Etappe f\u00fcr den n\u00e4chsten Tag festzulegen und einen Campingplatz zu finden. Heute haben wir es hingekriegt in einem State Park eine Buchung f\u00fcr Morgen vorzunehmen.<\/p>\n\n\n\n<h4 class=\"wp-block-heading\">Donnerstag 15. Juni 2023<\/h4>\n\n\n\n<p>Die Reise geht heute sehr z\u00fcgig gegen Osten. Unterwegs gibt es nicht gross Bilder. Von unserem kurzen Stopp im Gasthaus der goldenen M\u00f6we gibt es keine Bilder.<\/p>\n\n\n\n<p>Wir \u00fcbernachten im State Park des Staates Washington in einem sch\u00f6nen Wald gleich neben der Autobahn am Easton Lake. Endlich kann man Feuer machen und Grillen. Es gibt ein sch\u00f6nes St\u00fcck Rindfleisch vom Grill mit Knoblauchbutter, Teigwaren und Salat. Das Beil dient endlich um Schittle\u2026<\/p>\n\n\n\n<figure class=\"wp-block-image size-full\"><img loading=\"lazy\" decoding=\"async\" width=\"360\" height=\"640\" src=\"https:\/\/sritec.ch\/wp-content\/uploads\/2023\/06\/922E49E7-B94A-4036-9C33-C484F6186425.jpeg\" alt=\"\" class=\"wp-image-394\" srcset=\"https:\/\/sritec.ch\/wp-content\/uploads\/2023\/06\/922E49E7-B94A-4036-9C33-C484F6186425.jpeg 360w, https:\/\/sritec.ch\/wp-content\/uploads\/2023\/06\/922E49E7-B94A-4036-9C33-C484F6186425-169x300.jpeg 169w\" sizes=\"(max-width: 360px) 100vw, 360px\" \/><\/figure>\n\n\n\n<h4 class=\"wp-block-heading\">Freitag 16. Juni 2023<\/h4>\n\n\n\n<p>Heute fahren wir nach Coer d\u2018Alene am Harrison Slough (ein See) im State Idaho.<\/p>\n\n\n\n<p>Wir queren die grossen Ebenen des Staates Washington und \u00fcberqueren dabei einen Stausee des Columbia Rivers:<\/p>\n\n\n<div class=\"wp-block-image\">\n<figure class=\"alignleft size-full is-resized\"><img loading=\"lazy\" decoding=\"async\" src=\"https:\/\/sritec.ch\/wp-content\/uploads\/2023\/06\/IMG_0623.jpeg\" alt=\"\" class=\"wp-image-390\" width=\"244\" height=\"184\" srcset=\"https:\/\/sritec.ch\/wp-content\/uploads\/2023\/06\/IMG_0623.jpeg 640w, https:\/\/sritec.ch\/wp-content\/uploads\/2023\/06\/IMG_0623-300x225.jpeg 300w\" sizes=\"(max-width: 244px) 100vw, 244px\" \/><\/figure><\/div>\n\n\n<p> <\/p>\n\n\n\n<figure class=\"wp-block-image size-full is-resized\"><img loading=\"lazy\" decoding=\"async\" src=\"https:\/\/sritec.ch\/wp-content\/uploads\/2023\/06\/IMG_0633.jpeg\" alt=\"\" class=\"wp-image-391\" width=\"246\" height=\"184\" srcset=\"https:\/\/sritec.ch\/wp-content\/uploads\/2023\/06\/IMG_0633.jpeg 640w, https:\/\/sritec.ch\/wp-content\/uploads\/2023\/06\/IMG_0633-300x225.jpeg 300w\" sizes=\"(max-width: 246px) 100vw, 246px\" \/><\/figure>\n\n\n\n<p>Das Land ist staubtrocken und jeder Traktor, welcher ein Feld bearbeitet zieht eine riesige Staubwolke hinter sich her.<\/p>\n\n\n\n<figure class=\"wp-block-image size-full\"><img loading=\"lazy\" decoding=\"async\" width=\"640\" height=\"142\" src=\"https:\/\/sritec.ch\/wp-content\/uploads\/2023\/06\/IMG_0631.jpeg\" alt=\"\" class=\"wp-image-392\" srcset=\"https:\/\/sritec.ch\/wp-content\/uploads\/2023\/06\/IMG_0631.jpeg 640w, https:\/\/sritec.ch\/wp-content\/uploads\/2023\/06\/IMG_0631-300x67.jpeg 300w\" sizes=\"(max-width: 640px) 100vw, 640px\" \/><\/figure>\n\n\n\n<p>Wir gehen unterwegs in Moses Lake einkaufen. Die beiden Frauen (Kassiererin und Packerin) an der Kasse fragen uns, was zum \u2026 wir denn hier machen.<\/p>\n\n\n\n<p>Unterwegs halten wir noch am Medical Lake. Eine kleine Oase in der grossen Hochebene und es hat Wildg\u00e4nse:<\/p>\n\n\n\n<figure class=\"wp-block-image size-full\"><img loading=\"lazy\" decoding=\"async\" width=\"640\" height=\"480\" src=\"https:\/\/sritec.ch\/wp-content\/uploads\/2023\/06\/IMG_0636.jpeg\" alt=\"\" class=\"wp-image-393\" srcset=\"https:\/\/sritec.ch\/wp-content\/uploads\/2023\/06\/IMG_0636.jpeg 640w, https:\/\/sritec.ch\/wp-content\/uploads\/2023\/06\/IMG_0636-300x225.jpeg 300w\" sizes=\"(max-width: 640px) 100vw, 640px\" \/><\/figure>\n\n\n\n<p>Kurz vor Spokane sehen wir noch eine Niederlassung einer sehr bekannten Firma:<\/p>\n\n\n<div class=\"wp-block-image\">\n<figure class=\"aligncenter size-full\"><img loading=\"lazy\" decoding=\"async\" width=\"640\" height=\"480\" src=\"https:\/\/sritec.ch\/wp-content\/uploads\/2023\/06\/IMG_0638.jpeg\" alt=\"\" class=\"wp-image-397\" srcset=\"https:\/\/sritec.ch\/wp-content\/uploads\/2023\/06\/IMG_0638.jpeg 640w, https:\/\/sritec.ch\/wp-content\/uploads\/2023\/06\/IMG_0638-300x225.jpeg 300w\" sizes=\"(max-width: 640px) 100vw, 640px\" \/><\/figure><\/div>\n\n\n<p>Wir bleiben jetzt auf dem Wolf Lodge Campground 2 N\u00e4chte.<\/p>\n\n\n\n<h4 class=\"wp-block-heading\">Samstag 17. Juni 2023<\/h4>\n\n\n\n<p>Den Morgen verbringen wir mit Planen der n\u00e4chsten Tage und Reservieren des n\u00e4chsten Campground. Danach wollten wir Wandern gehen. Die uns empfohlenen Orte sind aber an den Startpunkten so \u00fcberlaufen, dass wir es sein lassen. Schade, der See ist sehr sch\u00f6n und wir h\u00e4tten gerne eine Anh\u00f6he mit Ausblick erarbeitet. <\/p>\n\n\n\n<figure class=\"wp-block-image size-full\"><img loading=\"lazy\" decoding=\"async\" width=\"480\" height=\"640\" src=\"https:\/\/sritec.ch\/wp-content\/uploads\/2023\/06\/IMG_0640-1.jpeg\" alt=\"\" class=\"wp-image-403\" srcset=\"https:\/\/sritec.ch\/wp-content\/uploads\/2023\/06\/IMG_0640-1.jpeg 480w, https:\/\/sritec.ch\/wp-content\/uploads\/2023\/06\/IMG_0640-1-225x300.jpeg 225w\" sizes=\"(max-width: 480px) 100vw, 480px\" \/><\/figure>\n\n\n\n<p>Die Photos kann ich jetzt synchronisieren. Wir gehen daf\u00fcr einkaufen und sehen ein interessantes Gef\u00e4hrt<\/p>\n\n\n\n<figure class=\"wp-block-image size-full\"><img loading=\"lazy\" decoding=\"async\" width=\"480\" height=\"640\" src=\"https:\/\/sritec.ch\/wp-content\/uploads\/2023\/06\/IMG_0639-1.jpeg\" alt=\"\" class=\"wp-image-405\" srcset=\"https:\/\/sritec.ch\/wp-content\/uploads\/2023\/06\/IMG_0639-1.jpeg 480w, https:\/\/sritec.ch\/wp-content\/uploads\/2023\/06\/IMG_0639-1-225x300.jpeg 225w\" sizes=\"(max-width: 480px) 100vw, 480px\" \/><\/figure>\n\n\n\n<p><a href=\"http:\/\/sritec.ch\/index.php\/18-juni-24-juni-2023\/\">Hier<\/a> geht es weiter.<\/p>\n","protected":false},"excerpt":{"rendered":"<p>Start mit Flugreise, Seattle und Idaho Donnerstag 8. Juni 2023 Mit dem 16 Uhr Zug verlassen wir Bern und treffen am Flughafen in Z\u00fcrich ein. Wir haben hier eine Hotel\u00fcbernachtung geplant, da wir am Morgen bereits um 6 Uhr am Flughafen zum Security Check sein sollen. Im Hotel angekommen werden wir vom Sommerfest des Hotels &hellip; <\/p>\n<p class=\"link-more\"><a href=\"https:\/\/sritec.ch\/index.php\/usa-reise-2023\/erste-etappe-8-17-juni\/\" class=\"more-link\"><span class=\"screen-reader-text\">\u201eErste Etappe 8. &#8211; 17. Juni\u201c<\/span> weiterlesen<\/a><\/p>\n","protected":false},"author":1,"featured_media":0,"parent":331,"menu_order":0,"comment_status":"closed","ping_status":"closed","template":"","meta":{"footnotes":""},"_links":{"self":[{"href":"https:\/\/sritec.ch\/index.php\/wp-json\/wp\/v2\/pages\/344"}],"collection":[{"href":"https:\/\/sritec.ch\/index.php\/wp-json\/wp\/v2\/pages"}],"about":[{"href":"https:\/\/sritec.ch\/index.php\/wp-json\/wp\/v2\/types\/page"}],"author":[{"embeddable":true,"href":"https:\/\/sritec.ch\/index.php\/wp-json\/wp\/v2\/users\/1"}],"replies":[{"embeddable":true,"href":"https:\/\/sritec.ch\/index.php\/wp-json\/wp\/v2\/comments?post=344"}],"version-history":[{"count":11,"href":"https:\/\/sritec.ch\/index.php\/wp-json\/wp\/v2\/pages\/344\/revisions"}],"predecessor-version":[{"id":464,"href":"https:\/\/sritec.ch\/index.php\/wp-json\/wp\/v2\/pages\/344\/revisions\/464"}],"up":[{"embeddable":true,"href":"https:\/\/sritec.ch\/index.php\/wp-json\/wp\/v2\/pages\/331"}],"wp:attachment":[{"href":"https:\/\/sritec.ch\/index.php\/wp-json\/wp\/v2\/media?parent=344"}],"curies":[{"name":"wp","href":"https:\/\/api.w.org\/{rel}","templated":true}]}}