{"id":495,"date":"2023-07-04T22:41:30","date_gmt":"2023-07-04T22:41:30","guid":{"rendered":"https:\/\/sritec.ch\/?page_id=495"},"modified":"2023-07-07T21:28:04","modified_gmt":"2023-07-07T21:28:04","slug":"2-juli-bis-7-juli","status":"publish","type":"page","link":"https:\/\/sritec.ch\/index.php\/2-juli-bis-7-juli\/","title":{"rendered":"2. Juli bis 7. Juli"},"content":{"rendered":"\n<h4 class=\"wp-block-heading\">Sonntag 2. Juli 2023<\/h4>\n\n\n\n<p>Das Leben bereits am Morgen in kurzen Hosen und Sandalen macht schon mehr Spass. Obschon wir hier in Vernal UT noch auf 1623m hoch sind, ist es Morgens um 8 bereits sch\u00f6n warm.<\/p>\n\n\n\n<p>In der Flaming Gorge National Recreation Area gehen wir auf eine kurze Wanderung zu einem Ausguck auf den aufgestauten Green River. Dabei kommen wir an einer Weide mit Vieh und eindr\u00fccklichem Muni vorbei.<\/p>\n\n\n\n<figure class=\"wp-block-image size-full\"><img loading=\"lazy\" decoding=\"async\" width=\"640\" height=\"480\" src=\"https:\/\/sritec.ch\/wp-content\/uploads\/2023\/07\/IMG_1344.jpeg\" alt=\"\" class=\"wp-image-637\" srcset=\"https:\/\/sritec.ch\/wp-content\/uploads\/2023\/07\/IMG_1344.jpeg 640w, https:\/\/sritec.ch\/wp-content\/uploads\/2023\/07\/IMG_1344-300x225.jpeg 300w\" sizes=\"(max-width: 640px) 100vw, 640px\" \/><\/figure>\n\n\n\n<figure class=\"wp-block-image size-full\"><img loading=\"lazy\" decoding=\"async\" width=\"640\" height=\"480\" src=\"https:\/\/sritec.ch\/wp-content\/uploads\/2023\/07\/IMG_1346.jpeg\" alt=\"\" class=\"wp-image-638\" srcset=\"https:\/\/sritec.ch\/wp-content\/uploads\/2023\/07\/IMG_1346.jpeg 640w, https:\/\/sritec.ch\/wp-content\/uploads\/2023\/07\/IMG_1346-300x225.jpeg 300w\" sizes=\"(max-width: 640px) 100vw, 640px\" \/><\/figure>\n\n\n\n<figure class=\"wp-block-image size-full\"><img loading=\"lazy\" decoding=\"async\" width=\"640\" height=\"480\" src=\"https:\/\/sritec.ch\/wp-content\/uploads\/2023\/07\/IMG_1347.jpeg\" alt=\"\" class=\"wp-image-639\" srcset=\"https:\/\/sritec.ch\/wp-content\/uploads\/2023\/07\/IMG_1347.jpeg 640w, https:\/\/sritec.ch\/wp-content\/uploads\/2023\/07\/IMG_1347-300x225.jpeg 300w\" sizes=\"(max-width: 640px) 100vw, 640px\" \/><\/figure>\n\n\n\n<p>Wir fahren tiefer in die Recreation Area rein. Sie ist wirklich sehr beliebt und der Stausee ist an die 100 Meilen lang. Da kann man lange Boot Fahren.<\/p>\n\n\n\n<figure class=\"wp-block-image size-full\"><img loading=\"lazy\" decoding=\"async\" width=\"640\" height=\"480\" src=\"https:\/\/sritec.ch\/wp-content\/uploads\/2023\/07\/IMG_1351.jpeg\" alt=\"\" class=\"wp-image-641\" srcset=\"https:\/\/sritec.ch\/wp-content\/uploads\/2023\/07\/IMG_1351.jpeg 640w, https:\/\/sritec.ch\/wp-content\/uploads\/2023\/07\/IMG_1351-300x225.jpeg 300w\" sizes=\"(max-width: 640px) 100vw, 640px\" \/><\/figure>\n\n\n\n<figure class=\"wp-block-image size-full\"><img loading=\"lazy\" decoding=\"async\" width=\"640\" height=\"480\" src=\"https:\/\/sritec.ch\/wp-content\/uploads\/2023\/07\/IMG_1350.jpeg\" alt=\"\" class=\"wp-image-640\" srcset=\"https:\/\/sritec.ch\/wp-content\/uploads\/2023\/07\/IMG_1350.jpeg 640w, https:\/\/sritec.ch\/wp-content\/uploads\/2023\/07\/IMG_1350-300x225.jpeg 300w\" sizes=\"(max-width: 640px) 100vw, 640px\" \/><\/figure>\n\n\n\n<p>Wir besuchen die Staumauer, die den Green River staut. Nach dem Stausee gibt es eine Bootsrampe. Die wird vor allem genutzt, um einzuw\u00e4ssern und den wilden Green River mit Kanus und Gummiboten zu befahren. Erinnert sehr an Schw\u00e4bis und das Einwassern in die Aare.<\/p>\n\n\n\n<figure class=\"wp-block-image size-full\"><img loading=\"lazy\" decoding=\"async\" width=\"640\" height=\"480\" src=\"https:\/\/sritec.ch\/wp-content\/uploads\/2023\/07\/IMG_1353.jpeg\" alt=\"\" class=\"wp-image-644\" srcset=\"https:\/\/sritec.ch\/wp-content\/uploads\/2023\/07\/IMG_1353.jpeg 640w, https:\/\/sritec.ch\/wp-content\/uploads\/2023\/07\/IMG_1353-300x225.jpeg 300w\" sizes=\"(max-width: 640px) 100vw, 640px\" \/><\/figure>\n\n\n\n<figure class=\"wp-block-image size-full\"><img loading=\"lazy\" decoding=\"async\" width=\"640\" height=\"480\" src=\"https:\/\/sritec.ch\/wp-content\/uploads\/2023\/07\/IMG_1356.jpeg\" alt=\"\" class=\"wp-image-642\" srcset=\"https:\/\/sritec.ch\/wp-content\/uploads\/2023\/07\/IMG_1356.jpeg 640w, https:\/\/sritec.ch\/wp-content\/uploads\/2023\/07\/IMG_1356-300x225.jpeg 300w\" sizes=\"(max-width: 640px) 100vw, 640px\" \/><\/figure>\n\n\n\n<figure class=\"wp-block-image size-full\"><img loading=\"lazy\" decoding=\"async\" width=\"480\" height=\"640\" src=\"https:\/\/sritec.ch\/wp-content\/uploads\/2023\/07\/IMG_1354.jpeg\" alt=\"\" class=\"wp-image-643\" srcset=\"https:\/\/sritec.ch\/wp-content\/uploads\/2023\/07\/IMG_1354.jpeg 480w, https:\/\/sritec.ch\/wp-content\/uploads\/2023\/07\/IMG_1354-225x300.jpeg 225w\" sizes=\"(max-width: 480px) 100vw, 480px\" \/><\/figure>\n\n\n\n<p>Wir kehren zur\u00fcck auf den Campground, wo ich die angestauten Berichte fertigstelle.Anschliessend wird der 25$ teure Grill angeworfen, welcher uns bis jetzt beste Dienste leistet.<\/p>\n\n\n\n<h4 class=\"wp-block-heading\">Montag 3. Juli 2023<\/h4>\n\n\n\n<p>Wir verlassen Vernal Richtung Steamboat Hot Springs, das liegt im Staate Colorado. Wir haben also bis jetzt die Staaten Washington, Idaho, Montana, Wyoming und Utah besucht. Jetzt kommt noch unser Zielstaat hinzu, Colorado. Heute stehen wir bereits bei ca. 2700 zur\u00fcckgelegten Meilen. Was etwa 435o km entspricht.<\/p>\n\n\n\n<p>Zu beginn unserer Tagesreise besuchen wir den Park des Dinosaur National Monuments. Beim Eintritt in den Park k\u00f6nnen wir unseren Jahrespass f\u00fcr alle Nationalparks der USA vorweisen. Der kostet 80$ und gilt f\u00fcr das Fahrzeug mit Insassen. So m\u00fcssen wir keinen Eintritt mehr bezahlen.<\/p>\n\n\n\n<p>Die armen Eltern, die mit ihren Kindern den Shop im Visitor Center besuchen. Was es da alles an Dino-Souvenirs zu kaufen gibt\u2026<\/p>\n\n\n\n<p>Vom Visitor Center aus hat man wieder einen sch\u00f6nen Blick \u00fcber die weiten Feldern von Utah.<\/p>\n\n\n\n<figure class=\"wp-block-image size-full\"><img loading=\"lazy\" decoding=\"async\" width=\"640\" height=\"480\" src=\"https:\/\/sritec.ch\/wp-content\/uploads\/2023\/07\/IMG_1360.jpeg\" alt=\"\" class=\"wp-image-645\" srcset=\"https:\/\/sritec.ch\/wp-content\/uploads\/2023\/07\/IMG_1360.jpeg 640w, https:\/\/sritec.ch\/wp-content\/uploads\/2023\/07\/IMG_1360-300x225.jpeg 300w\" sizes=\"(max-width: 640px) 100vw, 640px\" \/><\/figure>\n\n\n\n<p>Im Park selbst treffen wir auf ein karges Land, sehr heiss, eine W\u00fcste aber mit sch\u00f6nen verwitterten Felsformationen.<\/p>\n\n\n\n<figure class=\"wp-block-image size-full\"><img loading=\"lazy\" decoding=\"async\" width=\"640\" height=\"480\" src=\"https:\/\/sritec.ch\/wp-content\/uploads\/2023\/07\/IMG_1361.jpeg\" alt=\"\" class=\"wp-image-646\" srcset=\"https:\/\/sritec.ch\/wp-content\/uploads\/2023\/07\/IMG_1361.jpeg 640w, https:\/\/sritec.ch\/wp-content\/uploads\/2023\/07\/IMG_1361-300x225.jpeg 300w\" sizes=\"(max-width: 640px) 100vw, 640px\" \/><\/figure>\n\n\n\n<p>Wir fahren zum Split Mountain Camp Ground und treffen wieder auf den Green River und sch\u00f6ne Felsformationen.<\/p>\n\n\n\n<figure class=\"wp-block-image size-full\"><img loading=\"lazy\" decoding=\"async\" width=\"640\" height=\"480\" src=\"https:\/\/sritec.ch\/wp-content\/uploads\/2023\/07\/IMG_1371.jpeg\" alt=\"\" class=\"wp-image-648\" srcset=\"https:\/\/sritec.ch\/wp-content\/uploads\/2023\/07\/IMG_1371.jpeg 640w, https:\/\/sritec.ch\/wp-content\/uploads\/2023\/07\/IMG_1371-300x225.jpeg 300w\" sizes=\"(max-width: 640px) 100vw, 640px\" \/><\/figure>\n\n\n\n<figure class=\"wp-block-image size-full\"><img loading=\"lazy\" decoding=\"async\" width=\"640\" height=\"480\" src=\"https:\/\/sritec.ch\/wp-content\/uploads\/2023\/07\/IMG_1377.jpeg\" alt=\"\" class=\"wp-image-650\" srcset=\"https:\/\/sritec.ch\/wp-content\/uploads\/2023\/07\/IMG_1377.jpeg 640w, https:\/\/sritec.ch\/wp-content\/uploads\/2023\/07\/IMG_1377-300x225.jpeg 300w\" sizes=\"(max-width: 640px) 100vw, 640px\" \/><\/figure>\n\n\n\n<figure class=\"wp-block-image size-full\"><img loading=\"lazy\" decoding=\"async\" width=\"640\" height=\"480\" src=\"https:\/\/sritec.ch\/wp-content\/uploads\/2023\/07\/IMG_1379.jpeg\" alt=\"\" class=\"wp-image-651\" srcset=\"https:\/\/sritec.ch\/wp-content\/uploads\/2023\/07\/IMG_1379.jpeg 640w, https:\/\/sritec.ch\/wp-content\/uploads\/2023\/07\/IMG_1379-300x225.jpeg 300w\" sizes=\"(max-width: 640px) 100vw, 640px\" \/><\/figure>\n\n\n\n<p>Die Fahrt geht weiter \u00fcber Rangely, Angora, White River City, Meeker und Craig nach Steamboat Spring River. Unterwegs sehen wir in Rangely viele \u00d6lpumpen. Heute wird hier 1\/3 der \u00d6lf\u00f6rdermengen von Colorado produziert, ca 20\u2018000 Barrel pro Tag.<\/p>\n\n\n\n<p>Am White River entlang geht es jetzt durch Colorado.<\/p>\n\n\n\n<figure class=\"wp-block-image size-full\"><img loading=\"lazy\" decoding=\"async\" width=\"640\" height=\"480\" src=\"https:\/\/sritec.ch\/wp-content\/uploads\/2023\/07\/IMG_1388.jpeg\" alt=\"\" class=\"wp-image-653\" srcset=\"https:\/\/sritec.ch\/wp-content\/uploads\/2023\/07\/IMG_1388.jpeg 640w, https:\/\/sritec.ch\/wp-content\/uploads\/2023\/07\/IMG_1388-300x225.jpeg 300w\" sizes=\"(max-width: 640px) 100vw, 640px\" \/><\/figure>\n\n\n\n<p>Wir treffen wieder auf sch\u00f6ne Hocht\u00e4ler mit sehr grossen Farmen<\/p>\n\n\n\n<figure class=\"wp-block-image size-full\"><img loading=\"lazy\" decoding=\"async\" width=\"640\" height=\"480\" src=\"https:\/\/sritec.ch\/wp-content\/uploads\/2023\/07\/IMG_1391.jpeg\" alt=\"\" class=\"wp-image-657\" srcset=\"https:\/\/sritec.ch\/wp-content\/uploads\/2023\/07\/IMG_1391.jpeg 640w, https:\/\/sritec.ch\/wp-content\/uploads\/2023\/07\/IMG_1391-300x225.jpeg 300w\" sizes=\"(max-width: 640px) 100vw, 640px\" \/><\/figure>\n\n\n\n<p>In Meeker gehen wir einkaufen. Wir ben\u00f6tigen nur noch wenige Dinge, da wir am Donnerstag Morgen den RV abgeben m\u00fcssen. Auf der Weiterfahrt sehen vom Elk River ausgewaschene Fellsformationen<\/p>\n\n\n\n<figure class=\"wp-block-image size-full\"><img loading=\"lazy\" decoding=\"async\" width=\"640\" height=\"480\" src=\"https:\/\/sritec.ch\/wp-content\/uploads\/2023\/07\/IMG_1394.jpeg\" alt=\"\" class=\"wp-image-655\" srcset=\"https:\/\/sritec.ch\/wp-content\/uploads\/2023\/07\/IMG_1394.jpeg 640w, https:\/\/sritec.ch\/wp-content\/uploads\/2023\/07\/IMG_1394-300x225.jpeg 300w\" sizes=\"(max-width: 640px) 100vw, 640px\" \/><\/figure>\n\n\n\n<p>Und die Eisenbahn begleitet die Strasse wieder<\/p>\n\n\n\n<figure class=\"wp-block-image size-full\"><img loading=\"lazy\" decoding=\"async\" width=\"640\" height=\"480\" src=\"https:\/\/sritec.ch\/wp-content\/uploads\/2023\/07\/IMG_1395.jpeg\" alt=\"\" class=\"wp-image-656\" srcset=\"https:\/\/sritec.ch\/wp-content\/uploads\/2023\/07\/IMG_1395.jpeg 640w, https:\/\/sritec.ch\/wp-content\/uploads\/2023\/07\/IMG_1395-300x225.jpeg 300w\" sizes=\"(max-width: 640px) 100vw, 640px\" \/><\/figure>\n\n\n\n<h4 class=\"wp-block-heading\">Dienstag 4. Juli 2023<\/h4>\n\n\n\n<p>Der Koa Kampground in Steamboat Springs ist sehr ausgelastet. Kein Wunder, es ist der 4. Juli, der Unabh\u00e4ngigkeitstag der USA. Da haben die meisten frei und machen Ferien. Wir steigen in den freien Shuttle-Bus am Campground, um im Zentrum eine Badeanstalt mit heissen Quellen zu nutzen. Mit dem Bus geraten wir in einen Stau und erfahren, dass in Steamboat Springs gerade die Parade zum Unabh\u00e4ngigkeitstag stattfindet. Leider sind wir zu sp\u00e4t. Der Fahrer l\u00e4sst uns aussteigen und wir gehen zu Fuss in den Ort entlang dem Yampa River.<br><\/p>\n\n\n\n<figure class=\"wp-block-image size-full\"><img loading=\"lazy\" decoding=\"async\" width=\"640\" height=\"480\" src=\"https:\/\/sritec.ch\/wp-content\/uploads\/2023\/07\/IMG_1396.jpeg\" alt=\"\" class=\"wp-image-658\" srcset=\"https:\/\/sritec.ch\/wp-content\/uploads\/2023\/07\/IMG_1396.jpeg 640w, https:\/\/sritec.ch\/wp-content\/uploads\/2023\/07\/IMG_1396-300x225.jpeg 300w\" sizes=\"(max-width: 640px) 100vw, 640px\" \/><\/figure>\n\n\n\n<p>Steamboat River ist ein beliebter Wintersportort. Im Hintergrund ist sind Schneisen f\u00fcr die Skipisten und die Lifte zu sehen. Auch k\u00f6nnen wir auf einer Sommerschanze den Schanzenspringern zusehen. Wir wundern uns, warum es in dem Ort so seltsam riecht und stossen auf die Erkl\u00e4rung<\/p>\n\n\n\n<figure class=\"wp-block-image size-full\"><img loading=\"lazy\" decoding=\"async\" width=\"640\" height=\"480\" src=\"https:\/\/sritec.ch\/wp-content\/uploads\/2023\/07\/IMG_1397.jpeg\" alt=\"\" class=\"wp-image-659\" srcset=\"https:\/\/sritec.ch\/wp-content\/uploads\/2023\/07\/IMG_1397.jpeg 640w, https:\/\/sritec.ch\/wp-content\/uploads\/2023\/07\/IMG_1397-300x225.jpeg 300w\" sizes=\"(max-width: 640px) 100vw, 640px\" \/><\/figure>\n\n\n\n<p>Der Ort ist sehr belebt. Alle Gesch\u00e4fte haben offen und sind sehr besucht nach der Parade<\/p>\n\n\n\n<figure class=\"wp-block-image size-full\"><img loading=\"lazy\" decoding=\"async\" width=\"640\" height=\"480\" src=\"https:\/\/sritec.ch\/wp-content\/uploads\/2023\/07\/IMG_1399.jpeg\" alt=\"\" class=\"wp-image-660\" srcset=\"https:\/\/sritec.ch\/wp-content\/uploads\/2023\/07\/IMG_1399.jpeg 640w, https:\/\/sritec.ch\/wp-content\/uploads\/2023\/07\/IMG_1399-300x225.jpeg 300w\" sizes=\"(max-width: 640px) 100vw, 640px\" \/><\/figure>\n\n\n\n<p>Am Nachmittag gehen wir zur\u00fcck zum Camper und Lesen. Auch schreibe ich noch etwas weiter an diesem Bericht \u00fcber die letzten Tage. <\/p>\n\n\n\n<p>Gegen Abend zieht ein Gewitter auf. Es k\u00fcndigt sich mit starken Winden an. Ein Baum beim Camping Office \u00fcberlebt das nicht.<\/p>\n\n\n\n<figure class=\"wp-block-image size-full\"><img loading=\"lazy\" decoding=\"async\" width=\"640\" height=\"480\" src=\"https:\/\/sritec.ch\/wp-content\/uploads\/2023\/07\/IMG_1400.jpeg\" alt=\"\" class=\"wp-image-666\" srcset=\"https:\/\/sritec.ch\/wp-content\/uploads\/2023\/07\/IMG_1400.jpeg 640w, https:\/\/sritec.ch\/wp-content\/uploads\/2023\/07\/IMG_1400-300x225.jpeg 300w\" sizes=\"(max-width: 640px) 100vw, 640px\" \/><\/figure>\n\n\n\n<p>Wir grillen am Abend ein letztes Mal und verbrennen das restliche Feuerholz.<\/p>\n\n\n\n<h4 class=\"wp-block-heading\">Mittwoch 5. Juli 2023<\/h4>\n\n\n\n<p>Die Reise f\u00fchrt auf dem Highway 40 \u00fcber Kremmling, Silverthorne, wo wir den Highway 6 nehmen, nach Central City, westlich von Denver.<\/p>\n\n\n\n<p>Gleich nach Steamboat Springs haben wir einen sch\u00f6nen Blick auf den Lake Catamount.<\/p>\n\n\n\n<figure class=\"wp-block-image size-full\"><img loading=\"lazy\" decoding=\"async\" width=\"640\" height=\"480\" src=\"https:\/\/sritec.ch\/wp-content\/uploads\/2023\/07\/IMG_1405.jpeg\" alt=\"\" class=\"wp-image-668\" srcset=\"https:\/\/sritec.ch\/wp-content\/uploads\/2023\/07\/IMG_1405.jpeg 640w, https:\/\/sritec.ch\/wp-content\/uploads\/2023\/07\/IMG_1405-300x225.jpeg 300w\" sizes=\"(max-width: 640px) 100vw, 640px\" \/><\/figure>\n\n\n\n<p>Wir fahren wieder durch sch\u00f6ne Hochebenen am Wolford Mountain Reservoir entlang<\/p>\n\n\n\n<figure class=\"wp-block-image size-full\"><img loading=\"lazy\" decoding=\"async\" width=\"640\" height=\"480\" src=\"https:\/\/sritec.ch\/wp-content\/uploads\/2023\/07\/IMG_1406.jpeg\" alt=\"\" class=\"wp-image-669\" srcset=\"https:\/\/sritec.ch\/wp-content\/uploads\/2023\/07\/IMG_1406.jpeg 640w, https:\/\/sritec.ch\/wp-content\/uploads\/2023\/07\/IMG_1406-300x225.jpeg 300w\" sizes=\"(max-width: 640px) 100vw, 640px\" \/><\/figure>\n\n\n\n<figure class=\"wp-block-image size-full\"><img loading=\"lazy\" decoding=\"async\" width=\"640\" height=\"480\" src=\"https:\/\/sritec.ch\/wp-content\/uploads\/2023\/07\/IMG_1407.jpeg\" alt=\"\" class=\"wp-image-670\" srcset=\"https:\/\/sritec.ch\/wp-content\/uploads\/2023\/07\/IMG_1407.jpeg 640w, https:\/\/sritec.ch\/wp-content\/uploads\/2023\/07\/IMG_1407-300x225.jpeg 300w\" sizes=\"(max-width: 640px) 100vw, 640px\" \/><\/figure>\n\n\n\n<p>Dem Blue River Entlang mit dem Green Mountain Reservoir, ein Stausee des Blue Rivers<\/p>\n\n\n\n<figure class=\"wp-block-image size-full\"><img loading=\"lazy\" decoding=\"async\" width=\"640\" height=\"480\" src=\"https:\/\/sritec.ch\/wp-content\/uploads\/2023\/07\/IMG_1411.jpeg\" alt=\"\" class=\"wp-image-671\" srcset=\"https:\/\/sritec.ch\/wp-content\/uploads\/2023\/07\/IMG_1411.jpeg 640w, https:\/\/sritec.ch\/wp-content\/uploads\/2023\/07\/IMG_1411-300x225.jpeg 300w\" sizes=\"(max-width: 640px) 100vw, 640px\" \/><\/figure>\n\n\n\n<p>In Silverthorne nehmen wir den Highway Nr. 6 und gelangen um Skigebiet Araphoe Basin<\/p>\n\n\n\n<figure class=\"wp-block-image size-full\"><img loading=\"lazy\" decoding=\"async\" width=\"640\" height=\"480\" src=\"https:\/\/sritec.ch\/wp-content\/uploads\/2023\/07\/IMG_1419.jpeg\" alt=\"\" class=\"wp-image-672\" srcset=\"https:\/\/sritec.ch\/wp-content\/uploads\/2023\/07\/IMG_1419.jpeg 640w, https:\/\/sritec.ch\/wp-content\/uploads\/2023\/07\/IMG_1419-300x225.jpeg 300w\" sizes=\"(max-width: 640px) 100vw, 640px\" \/><\/figure>\n\n\n\n<p>Hier gibt es sogar einen Sessellift f\u00fcr Anf\u00e4nger von ca. 200m L\u00e4nge.<\/p>\n\n\n\n<p>Wir erklimmen den Loveland Pass mit unserem Camper. Die Passh\u00f6he erreichen wir auf 11990 Fuss, was 3655m entspricht. Die H\u00f6he des Bahnhofs auf dem Jungfraujoch wird mit einer H\u00f6he von 3454m angegeben. Wir sind also mit unserem Camper auf einer super ausgebauten Strasse h\u00f6her als auf das Jungfraujoch gefahren.<\/p>\n\n\n\n<figure class=\"wp-block-image size-full\"><img loading=\"lazy\" decoding=\"async\" width=\"640\" height=\"480\" src=\"https:\/\/sritec.ch\/wp-content\/uploads\/2023\/07\/IMG_1421.jpeg\" alt=\"\" class=\"wp-image-673\" srcset=\"https:\/\/sritec.ch\/wp-content\/uploads\/2023\/07\/IMG_1421.jpeg 640w, https:\/\/sritec.ch\/wp-content\/uploads\/2023\/07\/IMG_1421-300x225.jpeg 300w\" sizes=\"(max-width: 640px) 100vw, 640px\" \/><\/figure>\n\n\n\n<figure class=\"wp-block-image size-full\"><img loading=\"lazy\" decoding=\"async\" width=\"640\" height=\"480\" src=\"https:\/\/sritec.ch\/wp-content\/uploads\/2023\/07\/IMG_1422.jpeg\" alt=\"\" class=\"wp-image-674\" srcset=\"https:\/\/sritec.ch\/wp-content\/uploads\/2023\/07\/IMG_1422.jpeg 640w, https:\/\/sritec.ch\/wp-content\/uploads\/2023\/07\/IMG_1422-300x225.jpeg 300w\" sizes=\"(max-width: 640px) 100vw, 640px\" \/><\/figure>\n\n\n\n<p>Wir kommen in Central City im Westen von Denver an. Bei unser Ankunft herrscht dicke Bew\u00f6lkung. Wir machen unseren Camper abgabebereit, packen unsere Koffer.<\/p>\n\n\n\n<p>Am Abend lockert sich noch die Bew\u00f6lkung auf<\/p>\n\n\n\n<figure class=\"wp-block-image size-full\"><img loading=\"lazy\" decoding=\"async\" width=\"640\" height=\"480\" src=\"https:\/\/sritec.ch\/wp-content\/uploads\/2023\/07\/IMG_1426.jpeg\" alt=\"\" class=\"wp-image-676\" srcset=\"https:\/\/sritec.ch\/wp-content\/uploads\/2023\/07\/IMG_1426.jpeg 640w, https:\/\/sritec.ch\/wp-content\/uploads\/2023\/07\/IMG_1426-300x225.jpeg 300w\" sizes=\"(max-width: 640px) 100vw, 640px\" \/><\/figure>\n\n\n\n<h4 class=\"wp-block-heading\">Donnerstag 6. Juli 2023<\/h4>\n\n\n\n<p>Wir fahren nach Denver und wollen den Camper abgeben. Eine Lehre ziehen wir dabei: Google Maps ist nicht immer auf dem laufenden. Wir steuern zuerst die alte Niederlassung des Unternehmens Road Bear an. Erst als wir sehen, dass an dieser Adresse diese Firma nicht vorhanden ist, forschen wir in unseren Unterlagen nach, wohin wir denn eigentlich fahren m\u00fcssen. Zum Gl\u00fcck ist die Firma nicht weit weg umgezogen und wir k\u00f6nnen den Camper nach unfallfreien 3079 Meilen (4955 km) abgeben. Thomi ist alle km gefahren.<\/p>\n\n\n\n<p>Wir bekommen von Road Bear einen Ride (etwas wie Uber) zum Zentrum von Denver organisiert. Dort beziehen wir das Hotel, duschen erst mal und gehen uns dann die Stadt ansehen.<\/p>\n\n\n\n<p>Uns hat Denver nicht sehr gut gefallen. Die Stadt selbst hat nicht viel sehenswertes zu bieten. Wir gehen in den Commons Park<\/p>\n\n\n\n<figure class=\"wp-block-image size-full\"><img loading=\"lazy\" decoding=\"async\" width=\"640\" height=\"480\" src=\"https:\/\/sritec.ch\/wp-content\/uploads\/2023\/07\/IMG_1440.jpeg\" alt=\"\" class=\"wp-image-678\" srcset=\"https:\/\/sritec.ch\/wp-content\/uploads\/2023\/07\/IMG_1440.jpeg 640w, https:\/\/sritec.ch\/wp-content\/uploads\/2023\/07\/IMG_1440-300x225.jpeg 300w\" sizes=\"(max-width: 640px) 100vw, 640px\" \/><\/figure>\n\n\n\n<p>Und sehen uns noch die Central Station an. Die Wartehalle ist heute ein Food Market.<\/p>\n\n\n\n<figure class=\"wp-block-image size-full\"><img loading=\"lazy\" decoding=\"async\" width=\"640\" height=\"480\" src=\"https:\/\/sritec.ch\/wp-content\/uploads\/2023\/07\/IMG_1436.jpeg\" alt=\"\" class=\"wp-image-679\" srcset=\"https:\/\/sritec.ch\/wp-content\/uploads\/2023\/07\/IMG_1436.jpeg 640w, https:\/\/sritec.ch\/wp-content\/uploads\/2023\/07\/IMG_1436-300x225.jpeg 300w\" sizes=\"(max-width: 640px) 100vw, 640px\" \/><\/figure>\n\n\n\n<p>Gelangweilt gehen wir zum Iren und sehen uns den Tennis Match von Murray gegen Tsitsipas an.<\/p>\n\n\n\n<p>Am Abend essen wir beim Brasilianer. Es gibt viel Fleisch und ein gutes Rohkostbuffet.<\/p>\n\n\n\n<h4 class=\"wp-block-heading\">Freitag 7. Juli 2023<\/h4>\n\n\n\n<p>Entgegen den Empfehlungen der verschiedenen Informationen im Internet nehmen wir die \u00f6ffentlichen Verkehrsmittel zum Flughafen f\u00fcr den gesamten Weg. Wir laufen 2 Strassen, bekommen einen gratis Bus und der Zug zum Flughafen ist auch gratis. Denver hat f\u00fcr die Monate Juli und August eine Aktion zur Reduktion der Ozonwerte ins Leben gerufen und stellt viel \u00d6V gratis zur Verf\u00fcgung.<\/p>\n\n\n\n<p>Am Flughafen angekommen, m\u00fcssen wir 2h warten, bis wir \u00fcberhaupt am Edelweiss Schalter unser Gep\u00e4ck einchecken k\u00f6nnen. Klar, wir sind schon 11:30 am Flughafen und der Flieger geht erst um 17:45 (Offiziell, es ist bereits Versp\u00e4tung angemeldet worden). Aber bei Edelweiss im Internet steht, dass man 23h vorher einchecken kann.<\/p>\n\n\n\n<p>Die N\u00e4chste \u00dcberraschung: Es gibt f\u00fcr Edelweiss Business Class keine Longue in Denver. Es g\u00e4be Gutscheine beim Einchecken, welche wir nicht erhalten haben. Die Fluggesellschaft bekommt gerade keine Punkte.<\/p>\n\n\n\n<p>Wir gehen in eine Sportsbar und schauen dem Tennismatch Wawrinka gegen Djokovic zu. Und ich schreibe hier die letzten Zeilen fertig.<\/p>\n\n\n\n<p>Ich bin gespannt, ob die Fluggesellschaft auch so gut ist auf der Flugreise.<\/p>\n\n\n\n<h4 class=\"wp-block-heading\">Samstag 8. Juli 2023<\/h4>\n\n\n\n<p>Ankunft Zrh<\/p>\n","protected":false},"excerpt":{"rendered":"<p>Sonntag 2. Juli 2023 Das Leben bereits am Morgen in kurzen Hosen und Sandalen macht schon mehr Spass. Obschon wir hier in Vernal UT noch auf 1623m hoch sind, ist es Morgens um 8 bereits sch\u00f6n warm. In der Flaming Gorge National Recreation Area gehen wir auf eine kurze Wanderung zu einem Ausguck auf den &hellip; <\/p>\n<p class=\"link-more\"><a href=\"https:\/\/sritec.ch\/index.php\/2-juli-bis-7-juli\/\" class=\"more-link\"><span class=\"screen-reader-text\">\u201e2. Juli bis 7. Juli\u201c<\/span> weiterlesen<\/a><\/p>\n","protected":false},"author":1,"featured_media":0,"parent":0,"menu_order":0,"comment_status":"closed","ping_status":"closed","template":"","meta":{"footnotes":""},"_links":{"self":[{"href":"https:\/\/sritec.ch\/index.php\/wp-json\/wp\/v2\/pages\/495"}],"collection":[{"href":"https:\/\/sritec.ch\/index.php\/wp-json\/wp\/v2\/pages"}],"about":[{"href":"https:\/\/sritec.ch\/index.php\/wp-json\/wp\/v2\/types\/page"}],"author":[{"embeddable":true,"href":"https:\/\/sritec.ch\/index.php\/wp-json\/wp\/v2\/users\/1"}],"replies":[{"embeddable":true,"href":"https:\/\/sritec.ch\/index.php\/wp-json\/wp\/v2\/comments?post=495"}],"version-history":[{"count":11,"href":"https:\/\/sritec.ch\/index.php\/wp-json\/wp\/v2\/pages\/495\/revisions"}],"predecessor-version":[{"id":684,"href":"https:\/\/sritec.ch\/index.php\/wp-json\/wp\/v2\/pages\/495\/revisions\/684"}],"wp:attachment":[{"href":"https:\/\/sritec.ch\/index.php\/wp-json\/wp\/v2\/media?parent=495"}],"curies":[{"name":"wp","href":"https:\/\/api.w.org\/{rel}","templated":true}]}}